{"id":42,"date":"2014-08-03T14:29:50","date_gmt":"2014-08-03T21:29:50","guid":{"rendered":"http:\/\/greatereastlosna.com\/gelosanawp\/?page_id=42"},"modified":"2025-03-17T00:36:09","modified_gmt":"2025-03-17T07:36:09","slug":"espanol","status":"publish","type":"page","link":"https:\/\/www.greatereastlosna.com\/gelosanawp\/espanol\/","title":{"rendered":"Espa\u00f1ol"},"content":{"rendered":"<div style=\"color: #000000; text-align: center;\" align=\"left\"><span style=\"color: #800000;\"><em><strong>Si su vida le parece sin esperanza y no puede<\/strong><\/em><\/span><br \/>\n<span style=\"color: #800000;\"><em> <strong>parar de usar drogas, Narc\u00f3ticos An\u00f3nimos le<\/strong><\/em><\/span><br \/>\n<span style=\"color: #800000;\"><em> <strong>ofrece una soluci\u00f3n y\u00a0un nuevo futuro<\/strong><\/em><\/span><br \/>\n<span style=\"color: #800000;\"><em> <strong>PARA VIVIR LIBRE SIN EL USO DE DROGAS!<\/strong><\/em><\/span><\/div>\n<div style=\"color: #000000; text-align: center;\" align=\"left\"><\/div>\n<div style=\"color: #000000; text-align: left;\" align=\"left\"><b>Narc\u00f3ticos An\u00f3nimos<\/b>\u00a0solo le hace una promesa &#8220;Libertad sobre la adiccion activa&#8221;<br \/>\nNarc\u00f3ticos An\u00f3nimos es una confraternidad o asociaci\u00f3n sin \u00e1nimo de lucro compuesta por hombres y mujeres para quienes las drogas se habian convertido en un problema muy grave. &#8230;No nos interesa saber que droga consumias ni que cantidad, con qui\u00e9n te relacionabas, que has hecho en el pasado, lo mucho o lo poco que tienes, solo queremos saber que quieres hacer con tu problema y c\u00f3mo podemos ayudarte.<\/div>\n<p style=\"text-align: center;\"><b>Para Informaci\u00f3n Llama:<\/b><br \/>\n<b>1 (888) NA-AHORA<br \/>\n1 (888) 622-4672<br \/>\n<\/b><b>GREATER EAST LOS ANGELES AREA OF<br \/>\n<\/b><b>NARCOTICS ANONYMOUS<br \/>\n<\/b><b>P. O. BOX 2138<br \/>\n<\/b><b>LOS ANGELES, CA. 90051<\/b><\/p>\n<p style=\"text-align: center;\">\n","protected":false},"excerpt":{"rendered":"<p>Si su vida le parece sin esperanza y no puede parar de usar drogas, Narc\u00f3ticos An\u00f3nimos le ofrece una soluci\u00f3n y\u00a0un nuevo futuro PARA VIVIR LIBRE SIN EL USO DE DROGAS! Narc\u00f3ticos An\u00f3nimos\u00a0solo le hace una promesa &#8220;Libertad sobre la <span class=\"excerpt-dots\">&hellip;<\/span> <a class=\"more-link\" href=\"https:\/\/www.greatereastlosna.com\/gelosanawp\/espanol\/\"><span class=\"more-msg\">Continue reading &rarr;<\/span><\/a><\/p>\n","protected":false},"author":1,"featured_media":0,"parent":0,"menu_order":12,"comment_status":"closed","ping_status":"closed","template":"","meta":{"_mc_calendar":[],"footnotes":""},"class_list":["post-42","page","type-page","status-publish","hentry"],"yoast_head":"<!-- This site is optimized with the Yoast SEO plugin v27.5 - https:\/\/yoast.com\/product\/yoast-seo-wordpress\/ -->\n<title>Espa\u00f1ol - Welcome to the Greater East Los Angeles Area of NARCOTICS ANONYMOUS<\/title>\n<meta name=\"robots\" content=\"index, follow, max-snippet:-1, max-image-preview:large, max-video-preview:-1\" \/>\n<link rel=\"canonical\" href=\"https:\/\/www.greatereastlosna.com\/gelosanawp\/espanol\/\" \/>\n<meta property=\"og:locale\" content=\"en_US\" \/>\n<meta property=\"og:type\" content=\"article\" \/>\n<meta property=\"og:title\" content=\"Espa\u00f1ol - Welcome to the Greater East Los Angeles Area of NARCOTICS ANONYMOUS\" \/>\n<meta property=\"og:description\" content=\"Si su vida le parece sin esperanza y no puede parar de usar drogas, Narc\u00f3ticos An\u00f3nimos le ofrece una soluci\u00f3n y\u00a0un nuevo futuro PARA VIVIR LIBRE SIN EL USO DE DROGAS! Narc\u00f3ticos An\u00f3nimos\u00a0solo le hace una promesa &#8220;Libertad sobre la &hellip; Continue reading &rarr;\" \/>\n<meta property=\"og:url\" content=\"https:\/\/www.greatereastlosna.com\/gelosanawp\/espanol\/\" \/>\n<meta property=\"og:site_name\" content=\"Welcome to the Greater East Los Angeles Area of NARCOTICS ANONYMOUS\" \/>\n<meta property=\"article:modified_time\" content=\"2025-03-17T07:36:09+00:00\" \/>\n<meta name=\"twitter:label1\" content=\"Est. reading time\" \/>\n\t<meta name=\"twitter:data1\" content=\"1 minute\" \/>\n<script type=\"application\/ld+json\" class=\"yoast-schema-graph\">{\"@context\":\"https:\\\/\\\/schema.org\",\"@graph\":[{\"@type\":\"WebPage\",\"@id\":\"https:\\\/\\\/www.greatereastlosna.com\\\/gelosanawp\\\/espanol\\\/\",\"url\":\"https:\\\/\\\/www.greatereastlosna.com\\\/gelosanawp\\\/espanol\\\/\",\"name\":\"Espa\u00f1ol - Welcome to the Greater East Los Angeles Area of NARCOTICS ANONYMOUS\",\"isPartOf\":{\"@id\":\"https:\\\/\\\/www.greatereastlosna.com\\\/gelosanawp\\\/#website\"},\"datePublished\":\"2014-08-03T21:29:50+00:00\",\"dateModified\":\"2025-03-17T07:36:09+00:00\",\"breadcrumb\":{\"@id\":\"https:\\\/\\\/www.greatereastlosna.com\\\/gelosanawp\\\/espanol\\\/#breadcrumb\"},\"inLanguage\":\"en-US\",\"potentialAction\":[{\"@type\":\"ReadAction\",\"target\":[\"https:\\\/\\\/www.greatereastlosna.com\\\/gelosanawp\\\/espanol\\\/\"]}]},{\"@type\":\"BreadcrumbList\",\"@id\":\"https:\\\/\\\/www.greatereastlosna.com\\\/gelosanawp\\\/espanol\\\/#breadcrumb\",\"itemListElement\":[{\"@type\":\"ListItem\",\"position\":1,\"name\":\"Home\",\"item\":\"https:\\\/\\\/www.greatereastlosna.com\\\/gelosanawp\\\/\"},{\"@type\":\"ListItem\",\"position\":2,\"name\":\"Espa\u00f1ol\"}]},{\"@type\":\"WebSite\",\"@id\":\"https:\\\/\\\/www.greatereastlosna.com\\\/gelosanawp\\\/#website\",\"url\":\"https:\\\/\\\/www.greatereastlosna.com\\\/gelosanawp\\\/\",\"name\":\"Welcome to the Greater East Los Angeles Area of NARCOTICS ANONYMOUS\",\"description\":\"\",\"potentialAction\":[{\"@type\":\"SearchAction\",\"target\":{\"@type\":\"EntryPoint\",\"urlTemplate\":\"https:\\\/\\\/www.greatereastlosna.com\\\/gelosanawp\\\/?s={search_term_string}\"},\"query-input\":{\"@type\":\"PropertyValueSpecification\",\"valueRequired\":true,\"valueName\":\"search_term_string\"}}],\"inLanguage\":\"en-US\"}]}<\/script>\n<!-- \/ Yoast SEO plugin. -->","yoast_head_json":{"title":"Espa\u00f1ol - Welcome to the Greater East Los Angeles Area of NARCOTICS ANONYMOUS","robots":{"index":"index","follow":"follow","max-snippet":"max-snippet:-1","max-image-preview":"max-image-preview:large","max-video-preview":"max-video-preview:-1"},"canonical":"https:\/\/www.greatereastlosna.com\/gelosanawp\/espanol\/","og_locale":"en_US","og_type":"article","og_title":"Espa\u00f1ol - Welcome to the Greater East Los Angeles Area of NARCOTICS ANONYMOUS","og_description":"Si su vida le parece sin esperanza y no puede parar de usar drogas, Narc\u00f3ticos An\u00f3nimos le ofrece una soluci\u00f3n y\u00a0un nuevo futuro PARA VIVIR LIBRE SIN EL USO DE DROGAS! Narc\u00f3ticos An\u00f3nimos\u00a0solo le hace una promesa &#8220;Libertad sobre la &hellip; Continue reading &rarr;","og_url":"https:\/\/www.greatereastlosna.com\/gelosanawp\/espanol\/","og_site_name":"Welcome to the Greater East Los Angeles Area of NARCOTICS ANONYMOUS","article_modified_time":"2025-03-17T07:36:09+00:00","twitter_misc":{"Est. reading time":"1 minute"},"schema":{"@context":"https:\/\/schema.org","@graph":[{"@type":"WebPage","@id":"https:\/\/www.greatereastlosna.com\/gelosanawp\/espanol\/","url":"https:\/\/www.greatereastlosna.com\/gelosanawp\/espanol\/","name":"Espa\u00f1ol - Welcome to the Greater East Los Angeles Area of NARCOTICS ANONYMOUS","isPartOf":{"@id":"https:\/\/www.greatereastlosna.com\/gelosanawp\/#website"},"datePublished":"2014-08-03T21:29:50+00:00","dateModified":"2025-03-17T07:36:09+00:00","breadcrumb":{"@id":"https:\/\/www.greatereastlosna.com\/gelosanawp\/espanol\/#breadcrumb"},"inLanguage":"en-US","potentialAction":[{"@type":"ReadAction","target":["https:\/\/www.greatereastlosna.com\/gelosanawp\/espanol\/"]}]},{"@type":"BreadcrumbList","@id":"https:\/\/www.greatereastlosna.com\/gelosanawp\/espanol\/#breadcrumb","itemListElement":[{"@type":"ListItem","position":1,"name":"Home","item":"https:\/\/www.greatereastlosna.com\/gelosanawp\/"},{"@type":"ListItem","position":2,"name":"Espa\u00f1ol"}]},{"@type":"WebSite","@id":"https:\/\/www.greatereastlosna.com\/gelosanawp\/#website","url":"https:\/\/www.greatereastlosna.com\/gelosanawp\/","name":"Welcome to the Greater East Los Angeles Area of NARCOTICS ANONYMOUS","description":"","potentialAction":[{"@type":"SearchAction","target":{"@type":"EntryPoint","urlTemplate":"https:\/\/www.greatereastlosna.com\/gelosanawp\/?s={search_term_string}"},"query-input":{"@type":"PropertyValueSpecification","valueRequired":true,"valueName":"search_term_string"}}],"inLanguage":"en-US"}]}},"_links":{"self":[{"href":"https:\/\/www.greatereastlosna.com\/gelosanawp\/wp-json\/wp\/v2\/pages\/42","targetHints":{"allow":["GET"]}}],"collection":[{"href":"https:\/\/www.greatereastlosna.com\/gelosanawp\/wp-json\/wp\/v2\/pages"}],"about":[{"href":"https:\/\/www.greatereastlosna.com\/gelosanawp\/wp-json\/wp\/v2\/types\/page"}],"author":[{"embeddable":true,"href":"https:\/\/www.greatereastlosna.com\/gelosanawp\/wp-json\/wp\/v2\/users\/1"}],"replies":[{"embeddable":true,"href":"https:\/\/www.greatereastlosna.com\/gelosanawp\/wp-json\/wp\/v2\/comments?post=42"}],"version-history":[{"count":10,"href":"https:\/\/www.greatereastlosna.com\/gelosanawp\/wp-json\/wp\/v2\/pages\/42\/revisions"}],"predecessor-version":[{"id":1949,"href":"https:\/\/www.greatereastlosna.com\/gelosanawp\/wp-json\/wp\/v2\/pages\/42\/revisions\/1949"}],"wp:attachment":[{"href":"https:\/\/www.greatereastlosna.com\/gelosanawp\/wp-json\/wp\/v2\/media?parent=42"}],"curies":[{"name":"wp","href":"https:\/\/api.w.org\/{rel}","templated":true}]}}